{"id":12,"date":"2014-10-12T15:41:24","date_gmt":"2014-10-12T13:41:24","guid":{"rendered":"http:\/\/www.bestattungen-dahnke.de\/?page_id=12"},"modified":"2016-04-29T23:21:27","modified_gmt":"2016-04-29T21:21:27","slug":"die-feuerbestattung","status":"publish","type":"page","link":"http:\/\/www.bestattungen-dahnke.de\/?page_id=12","title":{"rendered":"Feuerbestattung"},"content":{"rendered":"<p>&nbsp;<\/p>\n<p>F\u00fcr die Durchf\u00fchrung dieser Bestattungsart ist eine schriftliche Willenserkl\u00e4rung des Verstorbenen oder des n\u00e4chsten Hinterbliebenen notwendig.<br \/>\nDie Urne kann in einem Urnengrab, Reihengrab oder anonym auf dem Friedhof beigesetzt werden.<\/p>\n<p><a href=\"http:\/\/www.bestattungen-dahnke.de\/wp-content\/uploads\/2016\/04\/DSCN0077.jpg\"><img loading=\"lazy\" decoding=\"async\" class=\"size-medium wp-image-96 aligncenter\" src=\"http:\/\/www.bestattungen-dahnke.de\/wp-content\/uploads\/2016\/04\/DSCN0077-300x225.jpg\" alt=\"DSCN0077\" width=\"300\" height=\"225\" srcset=\"http:\/\/www.bestattungen-dahnke.de\/wp-content\/uploads\/2016\/04\/DSCN0077-300x225.jpg 300w, http:\/\/www.bestattungen-dahnke.de\/wp-content\/uploads\/2016\/04\/DSCN0077-768x576.jpg 768w, http:\/\/www.bestattungen-dahnke.de\/wp-content\/uploads\/2016\/04\/DSCN0077-1024x768.jpg 1024w\" sizes=\"(max-width: 300px) 100vw, 300px\" \/><\/a><\/p>\n<p><img loading=\"lazy\" decoding=\"async\" class=\"size-medium wp-image-116 aligncenter\" src=\"http:\/\/www.bestattungen-dahnke.de\/wp-content\/uploads\/2016\/04\/018-225x300.jpg\" alt=\"018\" width=\"225\" height=\"300\" srcset=\"http:\/\/www.bestattungen-dahnke.de\/wp-content\/uploads\/2016\/04\/018-225x300.jpg 225w, http:\/\/www.bestattungen-dahnke.de\/wp-content\/uploads\/2016\/04\/018-768x1024.jpg 768w\" sizes=\"(max-width: 225px) 100vw, 225px\" \/><\/p>\n","protected":false},"excerpt":{"rendered":"<p>&nbsp; F\u00fcr die Durchf\u00fchrung dieser Bestattungsart ist eine schriftliche Willenserkl\u00e4rung des Verstorbenen oder des n\u00e4chsten Hinterbliebenen notwendig. Die Urne kann in einem Urnengrab, Reihengrab oder anonym auf dem Friedhof beigesetzt werden.<\/p>\n","protected":false},"author":1,"featured_media":0,"parent":0,"menu_order":3,"comment_status":"closed","ping_status":"closed","template":"","meta":{"jetpack_post_was_ever_published":false,"footnotes":""},"jetpack_sharing_enabled":false,"jetpack_shortlink":"https:\/\/wp.me\/P5c2S3-c","_links":{"self":[{"href":"http:\/\/www.bestattungen-dahnke.de\/index.php?rest_route=\/wp\/v2\/pages\/12"}],"collection":[{"href":"http:\/\/www.bestattungen-dahnke.de\/index.php?rest_route=\/wp\/v2\/pages"}],"about":[{"href":"http:\/\/www.bestattungen-dahnke.de\/index.php?rest_route=\/wp\/v2\/types\/page"}],"author":[{"embeddable":true,"href":"http:\/\/www.bestattungen-dahnke.de\/index.php?rest_route=\/wp\/v2\/users\/1"}],"replies":[{"embeddable":true,"href":"http:\/\/www.bestattungen-dahnke.de\/index.php?rest_route=%2Fwp%2Fv2%2Fcomments&post=12"}],"version-history":[{"count":6,"href":"http:\/\/www.bestattungen-dahnke.de\/index.php?rest_route=\/wp\/v2\/pages\/12\/revisions"}],"predecessor-version":[{"id":129,"href":"http:\/\/www.bestattungen-dahnke.de\/index.php?rest_route=\/wp\/v2\/pages\/12\/revisions\/129"}],"wp:attachment":[{"href":"http:\/\/www.bestattungen-dahnke.de\/index.php?rest_route=%2Fwp%2Fv2%2Fmedia&parent=12"}],"curies":[{"name":"wp","href":"https:\/\/api.w.org\/{rel}","templated":true}]}}