{"id":14,"date":"2014-10-12T15:41:53","date_gmt":"2014-10-12T13:41:53","guid":{"rendered":"http:\/\/www.bestattungen-dahnke.de\/?page_id=14"},"modified":"2016-04-29T23:22:02","modified_gmt":"2016-04-29T21:22:02","slug":"die-seebestattung","status":"publish","type":"page","link":"http:\/\/www.bestattungen-dahnke.de\/?page_id=14","title":{"rendered":"Seebestattung"},"content":{"rendered":"<p>&nbsp;<\/p>\n<p>Der Seebestattung geht eine Ein\u00e4scherung voraus. Anstelle der Beisetzung auf einem Friedhof wird eine Versenkung auf hoher See (au\u00dferhalb der Dreimeilenzone) vorgenommen.<br \/>\n\u00dcber die genaue Ortsangabe der Versenkung informiert Sie eine entsprechende Seekarte, die Ihnen ausgeh\u00e4ndigt wird.<\/p>\n<p><a href=\"http:\/\/www.bestattungen-dahnke.de\/wp-content\/uploads\/2016\/04\/272.jpg\"><img loading=\"lazy\" decoding=\"async\" class=\"size-medium wp-image-120 aligncenter\" src=\"http:\/\/www.bestattungen-dahnke.de\/wp-content\/uploads\/2016\/04\/272-225x300.jpg\" alt=\"272\" width=\"225\" height=\"300\" srcset=\"http:\/\/www.bestattungen-dahnke.de\/wp-content\/uploads\/2016\/04\/272-225x300.jpg 225w, http:\/\/www.bestattungen-dahnke.de\/wp-content\/uploads\/2016\/04\/272-768x1024.jpg 768w\" sizes=\"(max-width: 225px) 100vw, 225px\" \/><\/a><\/p>\n","protected":false},"excerpt":{"rendered":"<p>&nbsp; Der Seebestattung geht eine Ein\u00e4scherung voraus. Anstelle der Beisetzung auf einem Friedhof wird eine Versenkung auf hoher See (au\u00dferhalb der Dreimeilenzone) vorgenommen. \u00dcber die genaue Ortsangabe der Versenkung informiert Sie eine entsprechende Seekarte, die Ihnen ausgeh\u00e4ndigt wird.<\/p>\n","protected":false},"author":1,"featured_media":0,"parent":0,"menu_order":4,"comment_status":"closed","ping_status":"closed","template":"","meta":{"jetpack_post_was_ever_published":false,"footnotes":""},"jetpack_sharing_enabled":false,"jetpack_shortlink":"https:\/\/wp.me\/P5c2S3-e","_links":{"self":[{"href":"http:\/\/www.bestattungen-dahnke.de\/index.php?rest_route=\/wp\/v2\/pages\/14"}],"collection":[{"href":"http:\/\/www.bestattungen-dahnke.de\/index.php?rest_route=\/wp\/v2\/pages"}],"about":[{"href":"http:\/\/www.bestattungen-dahnke.de\/index.php?rest_route=\/wp\/v2\/types\/page"}],"author":[{"embeddable":true,"href":"http:\/\/www.bestattungen-dahnke.de\/index.php?rest_route=\/wp\/v2\/users\/1"}],"replies":[{"embeddable":true,"href":"http:\/\/www.bestattungen-dahnke.de\/index.php?rest_route=%2Fwp%2Fv2%2Fcomments&post=14"}],"version-history":[{"count":6,"href":"http:\/\/www.bestattungen-dahnke.de\/index.php?rest_route=\/wp\/v2\/pages\/14\/revisions"}],"predecessor-version":[{"id":130,"href":"http:\/\/www.bestattungen-dahnke.de\/index.php?rest_route=\/wp\/v2\/pages\/14\/revisions\/130"}],"wp:attachment":[{"href":"http:\/\/www.bestattungen-dahnke.de\/index.php?rest_route=%2Fwp%2Fv2%2Fmedia&parent=14"}],"curies":[{"name":"wp","href":"https:\/\/api.w.org\/{rel}","templated":true}]}}