{"id":2,"date":"2013-12-17T13:17:57","date_gmt":"2013-12-17T13:17:57","guid":{"rendered":"\/?page_id=2"},"modified":"2014-10-12T18:35:21","modified_gmt":"2014-10-12T16:35:21","slug":"beispiel-seite","status":"publish","type":"page","link":"http:\/\/www.bestattungen-dahnke.de\/","title":{"rendered":"Home"},"content":{"rendered":"<p><i>Der Abschied von einem lieben Menschen ist schwer. Wir k\u00f6nnen Ihnen weder Trauer und Schmerz abnehmen, aber wir k\u00f6nnen f\u00fcr Sie die Organisation und viele Wege \u00fcbernehmen.<\/i><\/p>\n<hr noshade=\"noshade\" \/>\n<h1>Wichtige Hinweise:<\/h1>\n<p>Was muss ich tun, wenn ein Todesfall eingetreten ist?<\/p>\n<p>Bei einem <b>Sterbefall in der Wohnung<\/b> benachrichtigen Sie sofort den n\u00e4chsten Arzt, m\u00f6glichst den Hausarzt.<br \/>\nDie Todesbescheinigung wird vom Arzt ausgestellt und von uns entgegengenommen.<br \/>\nBitte den Personalausweis bereithalten!<\/p>\n<p>Tritt der <b>Tod im Krankenhaus oder in einer Pflegeeinrichtung<\/b> ein, wird der Arzt durch die Einrichtung informiert.<\/p>\n<p class=\"alert\">Danach sollten Sie sich mit uns telefonisch oder pers\u00f6nlich in Verbindung setzen. Wir kl\u00e4ren dann gemeinsam alle weiteren Schritte.<\/p>\n<p>Bitte halten Sie folgende Dokumente bereit:<\/p>\n<ul>\n<li><b>Familienstammbuch<\/b> (vollst\u00e4ndig gef\u00fchrt), da der Gesetzgeber den Nachweis des Personenstandes verlangt. Sollte das Familienstammbuch nicht vorhanden sein, sind Einzeldokumente notwendig.\n<ul>\n<li><b>Geburtsurkunde<\/b><\/li>\n<li><b>Heiratsurkunde<\/b><\/li>\n<li><b>Sterbeurkunde<\/b>, falls der Ehepartner bereits verstorben<\/li>\n<li><b>Scheidungsurteil<\/b>, bei Geschiedenen<\/li>\n<\/ul>\n<\/li>\n<li><b>Personalausweis<\/b><\/li>\n<li><b>Todesbescheinigung<\/b> (sofern vom Arzt am Sterbeort hinterlassen)<\/li>\n<li><b>Rentenanpassungsmitteilungen<\/b> (Altersrente, Witwen-\/ Witwerrente, Rente vom Versorgungsamt)<\/li>\n<li><b>Mitgliedskarte (Chipkarte) der Krankenkasse<\/b><\/li>\n<li><b>Versicherungspolicen<\/b> (Lebens- bzw. Sterbeversicherung, Unfallversicherung)<\/li>\n<li><b>Grabdokumente<\/b> (Urkunde \u00fcber Nutzungsrecht an einer vorhandenen Familien- oder Wahlgrabst\u00e4tte)<\/li>\n<\/ul>\n","protected":false},"excerpt":{"rendered":"<p>Der Abschied von einem lieben Menschen ist schwer. Wir k\u00f6nnen Ihnen weder Trauer und Schmerz abnehmen, aber wir k\u00f6nnen f\u00fcr Sie die Organisation und viele Wege \u00fcbernehmen. Wichtige Hinweise: Was muss ich tun, wenn ein Todesfall eingetreten ist? Bei einem Sterbefall in der Wohnung benachrichtigen Sie sofort den n\u00e4chsten Arzt, m\u00f6glichst den Hausarzt. Die Todesbescheinigung &#8230; <span class=\"more\"><a class=\"more-link\" href=\"http:\/\/www.bestattungen-dahnke.de\/\">[Read more&#8230;]<\/a><\/span><\/p>\n","protected":false},"author":1,"featured_media":0,"parent":0,"menu_order":0,"comment_status":"closed","ping_status":"closed","template":"","meta":{"jetpack_post_was_ever_published":false,"footnotes":""},"jetpack_sharing_enabled":false,"jetpack_shortlink":"https:\/\/wp.me\/P5c2S3-2","_links":{"self":[{"href":"http:\/\/www.bestattungen-dahnke.de\/index.php?rest_route=\/wp\/v2\/pages\/2"}],"collection":[{"href":"http:\/\/www.bestattungen-dahnke.de\/index.php?rest_route=\/wp\/v2\/pages"}],"about":[{"href":"http:\/\/www.bestattungen-dahnke.de\/index.php?rest_route=\/wp\/v2\/types\/page"}],"author":[{"embeddable":true,"href":"http:\/\/www.bestattungen-dahnke.de\/index.php?rest_route=\/wp\/v2\/users\/1"}],"replies":[{"embeddable":true,"href":"http:\/\/www.bestattungen-dahnke.de\/index.php?rest_route=%2Fwp%2Fv2%2Fcomments&post=2"}],"version-history":[{"count":3,"href":"http:\/\/www.bestattungen-dahnke.de\/index.php?rest_route=\/wp\/v2\/pages\/2\/revisions"}],"predecessor-version":[{"id":22,"href":"http:\/\/www.bestattungen-dahnke.de\/index.php?rest_route=\/wp\/v2\/pages\/2\/revisions\/22"}],"wp:attachment":[{"href":"http:\/\/www.bestattungen-dahnke.de\/index.php?rest_route=%2Fwp%2Fv2%2Fmedia&parent=2"}],"curies":[{"name":"wp","href":"https:\/\/api.w.org\/{rel}","templated":true}]}}